{"id":1289,"date":"2025-09-08T17:57:19","date_gmt":"2025-09-08T15:57:19","guid":{"rendered":"https:\/\/albertonovoa-abogados.es\/?page_id=1289"},"modified":"2025-09-09T10:37:34","modified_gmt":"2025-09-09T08:37:34","slug":"abogado-para-conflictos-familiares-en-ourense","status":"publish","type":"page","link":"https:\/\/albertonovoa-abogados.es\/index.php\/abogado-para-conflictos-familiares-en-ourense\/","title":{"rendered":"Abogado para conflictos familiares en Ourense"},"content":{"rendered":"<p><span style=\"color: #000000;\">Con m\u00e1s de dos d\u00e9cadas de experiencia, <strong data-start=\"170\" data-end=\"196\">Alberto Novoa Abogados<\/strong> es un <strong>bufete multidisciplinar<\/strong> comprometido con la excelencia, que ofrece<strong> asesoramiento jur\u00eddico \u00e1gil<\/strong> y siempre actualizado en <strong>derecho civil, fiscal y administrativo, mercantil, de familia, circulaci\u00f3n y penal<\/strong>. Liderado por Alberto Novoa, abogado formado en la Universidad Complutense de Madrid, combina rigor profesional y valores \u00e9ticos, reforzado por su reconocida trayectoria en la presidencia de asociaciones del sector minero a nivel auton\u00f3mico, nacional e internacional. Su enfoque cercano y humano asegura que cada caso reciba la atenci\u00f3n dedicada que merece, convirtiendo la experiencia en el pilar de un servicio confiable, moderno y orientado al resultado.<\/span><\/p>\n<ul>\n<li><span style=\"color: #000000;\"><a style=\"color: #000000;\" href=\"https:\/\/albertonovoa-abogados.es\/index.php\/abogado-para-conflictos-familiares-en-ourense\/\" target=\"_blank\" rel=\"noopener nofollow noreferrer\"><b>Abogado para conflictos familiares en Ourense<\/b><\/a><\/span><\/li>\n<li><span style=\"color: #000000;\"><a style=\"color: #000000;\" href=\"https:\/\/albertonovoa-abogados.es\/index.php\/abogado-para-conflictos-laborales-en-ourense\/\" target=\"_blank\" rel=\"noopener nofollow noreferrer\"><b>Abogado para conflictos laborales en Ourense<\/b><\/a><\/span><\/li>\n<li><span style=\"color: #000000;\"><a style=\"color: #000000;\" href=\"https:\/\/albertonovoa-abogados.es\/index.php\/abogado-en-derecho-fiscal-y-administrativo-en-ourense\/\" target=\"_blank\" rel=\"noopener nofollow noreferrer\"><b>Abogado en derecho fiscal y administrativo en Ourense<\/b><\/a><\/span><\/li>\n<li><span style=\"color: #000000;\"><a style=\"color: #000000;\" href=\"https:\/\/albertonovoa-abogados.es\/index.php\/abogado-para-conflictos-mercantiles-en-ourense\/\" target=\"_blank\" rel=\"noopener nofollow noreferrer\"><b>Abogado para conflictos mercantiles en Ourense<\/b><\/a><\/span><\/li>\n<li><span style=\"color: #000000;\"><a style=\"color: #000000;\" href=\"https:\/\/albertonovoa-abogados.es\/index.php\/abogado-en-soluciones-juridicas-en-xinzo-de-limia\/\" target=\"_blank\" rel=\"noopener nofollow noreferrer\"><b>Abogado en soluciones jur\u00eddicas en Xinzo de Limia<\/b><\/a><\/span><\/li>\n<li><span style=\"color: #000000;\"><a style=\"color: #000000;\" href=\"https:\/\/albertonovoa-abogados.es\/index.php\/abogado-legal-en-herencias-en-xinzo-de-limia\/\" target=\"_blank\" rel=\"noopener nofollow noreferrer\"><b>Abogado legal en herencias en Xinzo de Limia<\/b><\/a><\/span><\/li>\n<li><span style=\"color: #000000;\"><a style=\"color: #000000;\" href=\"https:\/\/albertonovoa-abogados.es\/index.php\/abogado-para-conflictos-familiares-en-xinzo-de-limia\/\" target=\"_blank\" rel=\"noopener nofollow noreferrer\"><b>Abogado para conflictos familiares en Xinzo de Limia<\/b><\/a><\/span><\/li>\n<li><span style=\"color: #000000;\"><a style=\"color: #000000;\" href=\"https:\/\/albertonovoa-abogados.es\/index.php\/abogado-para-conflictos-laborales-en-xinzo-de-limia\/\" target=\"_blank\" rel=\"noopener nofollow noreferrer\"><b>Abogado para conflictos laborales en Xinzo de Limia<\/b><\/a><\/span><\/li>\n<li><span style=\"color: #000000;\"><a style=\"color: #000000;\" href=\"https:\/\/albertonovoa-abogados.es\/index.php\/abogado-en-derecho-fiscal-y-administrativo-en-xinzo-de-limia\/\" target=\"_blank\" rel=\"noopener nofollow noreferrer\"><b>Abogado en derecho fiscal y administrativo en Xinzo de Limia<\/b><\/a><\/span><\/li>\n<li><span style=\"color: #000000;\"><a style=\"color: #000000;\" href=\"https:\/\/albertonovoa-abogados.es\/index.php\/abogado-para-conflictos-mercantiles-en-xinzo-de-limia\/\" target=\"_blank\" rel=\"noopener nofollow noreferrer\"><b>Abogado para conflictos mercantiles en Xinzo de Limia<\/b><\/a><\/span><\/li>\n<li><span style=\"color: #000000;\"><a style=\"color: #000000;\" href=\"https:\/\/albertonovoa-abogados.es\/index.php\/abogado-en-soluciones-juridicas-en-ourense\/\" target=\"_blank\" rel=\"noopener nofollow noreferrer\"><b>Abogado en soluciones jur\u00eddicas en Ourense<\/b><\/a><\/span><\/li>\n<li><span style=\"color: #000000;\"><a style=\"color: #000000;\" href=\"https:\/\/albertonovoa-abogados.es\/index.php\/abogado-legal-en-herencias-en-ourense\/\" target=\"_blank\" rel=\"noopener nofollow noreferrer\"><b>Abogado legal en herencias en Ourense<\/b><\/a><\/span><\/li>\n<\/ul>\n<p><span style=\"color: #000000;\">Si est\u00e1s interesado en <strong>Abogado para conflictos familiares en Ourense <\/strong>o en cualquiera de los servicios que ofrecemos, no dudes en ponerte en contacto con nosotros a trav\u00e9s del siguiente formulario:<\/span><\/p>\n<p><span style=\"color: #000000;\">\n<div class=\"wpcf7 no-js\" id=\"wpcf7-f1288-o1\" lang=\"es-ES\" dir=\"ltr\" data-wpcf7-id=\"1288\">\n<div class=\"screen-reader-response\"><p role=\"status\" aria-live=\"polite\" aria-atomic=\"true\"><\/p> <ul><\/ul><\/div>\n<form action=\"\/index.php\/wp-json\/wp\/v2\/pages\/1289#wpcf7-f1288-o1\" method=\"post\" class=\"wpcf7-form init\" aria-label=\"Formulario de contacto\" novalidate=\"novalidate\" data-status=\"init\">\n<fieldset class=\"hidden-fields-container\"><input type=\"hidden\" name=\"_wpcf7\" value=\"1288\" \/><input type=\"hidden\" name=\"_wpcf7_version\" value=\"6.1.5\" \/><input type=\"hidden\" name=\"_wpcf7_locale\" value=\"es_ES\" \/><input type=\"hidden\" name=\"_wpcf7_unit_tag\" value=\"wpcf7-f1288-o1\" \/><input type=\"hidden\" name=\"_wpcf7_container_post\" value=\"0\" \/><input type=\"hidden\" name=\"_wpcf7_posted_data_hash\" value=\"\" \/>\n<\/fieldset>\n<p><label> Tu nombre<br \/>\n<span class=\"wpcf7-form-control-wrap\" data-name=\"your-name\"><input size=\"40\" maxlength=\"400\" class=\"wpcf7-form-control wpcf7-text wpcf7-validates-as-required\" autocomplete=\"name\" aria-required=\"true\" aria-invalid=\"false\" value=\"\" type=\"text\" name=\"your-name\" \/><\/span> <\/label>\n<\/p>\n<p><label> Tu correo electr\u00f3nico<br \/>\n<span class=\"wpcf7-form-control-wrap\" data-name=\"your-email\"><input size=\"40\" maxlength=\"400\" class=\"wpcf7-form-control wpcf7-email wpcf7-validates-as-required wpcf7-text wpcf7-validates-as-email\" autocomplete=\"email\" aria-required=\"true\" aria-invalid=\"false\" value=\"\" type=\"email\" name=\"your-email\" \/><\/span> <\/label>\n<\/p>\n<p><label> Asunto<br \/>\n<span class=\"wpcf7-form-control-wrap\" data-name=\"your-subject\"><input size=\"40\" maxlength=\"400\" class=\"wpcf7-form-control wpcf7-text wpcf7-validates-as-required\" aria-required=\"true\" aria-invalid=\"false\" value=\"\" type=\"text\" name=\"your-subject\" \/><\/span> <\/label>\n<\/p>\n<p><label> Tu mensaje (opcional)<br \/>\n<span class=\"wpcf7-form-control-wrap\" data-name=\"your-message\"><textarea cols=\"40\" rows=\"10\" maxlength=\"2000\" class=\"wpcf7-form-control wpcf7-textarea\" aria-invalid=\"false\" name=\"your-message\"><\/textarea><\/span> <\/label>\n<\/p>\n<p><input class=\"wpcf7-form-control wpcf7-submit has-spinner\" type=\"submit\" value=\"Enviar\" \/>\n<\/p><div class=\"wpcf7-response-output\" aria-hidden=\"true\"><\/div>\n<\/form>\n<\/div>\n<\/span><\/p>\n\n\n<p><\/p>\n","protected":false},"excerpt":{"rendered":"<p>Con m\u00e1s de dos d\u00e9cadas de experiencia, Alberto Novoa Abogados es un bufete multidisciplinar comprometido con la excelencia, que ofrece asesoramiento jur\u00eddico \u00e1gil y siempre actualizado en derecho civil, fiscal y administrativo, mercantil, de familia, circulaci\u00f3n y penal. Liderado por Alberto Novoa, abogado formado en la Universidad Complutense de Madrid, combina rigor profesional y valores [&hellip;]<\/p>\n","protected":false},"author":1,"featured_media":1329,"parent":0,"menu_order":0,"comment_status":"closed","ping_status":"closed","template":"","meta":{"_acf_changed":false,"footnotes":""},"class_list":["post-1289","page","type-page","status-publish","has-post-thumbnail","hentry"],"acf":[],"_links":{"self":[{"href":"https:\/\/albertonovoa-abogados.es\/index.php\/wp-json\/wp\/v2\/pages\/1289","targetHints":{"allow":["GET"]}}],"collection":[{"href":"https:\/\/albertonovoa-abogados.es\/index.php\/wp-json\/wp\/v2\/pages"}],"about":[{"href":"https:\/\/albertonovoa-abogados.es\/index.php\/wp-json\/wp\/v2\/types\/page"}],"author":[{"embeddable":true,"href":"https:\/\/albertonovoa-abogados.es\/index.php\/wp-json\/wp\/v2\/users\/1"}],"replies":[{"embeddable":true,"href":"https:\/\/albertonovoa-abogados.es\/index.php\/wp-json\/wp\/v2\/comments?post=1289"}],"version-history":[{"count":5,"href":"https:\/\/albertonovoa-abogados.es\/index.php\/wp-json\/wp\/v2\/pages\/1289\/revisions"}],"predecessor-version":[{"id":1341,"href":"https:\/\/albertonovoa-abogados.es\/index.php\/wp-json\/wp\/v2\/pages\/1289\/revisions\/1341"}],"wp:featuredmedia":[{"embeddable":true,"href":"https:\/\/albertonovoa-abogados.es\/index.php\/wp-json\/wp\/v2\/media\/1329"}],"wp:attachment":[{"href":"https:\/\/albertonovoa-abogados.es\/index.php\/wp-json\/wp\/v2\/media?parent=1289"}],"curies":[{"name":"wp","href":"https:\/\/api.w.org\/{rel}","templated":true}]}}