{"id":29,"date":"2024-01-09T14:09:47","date_gmt":"2024-01-09T13:09:47","guid":{"rendered":"http:\/\/albertonovoa-abogados.es\/?page_id=29"},"modified":"2025-03-26T11:07:10","modified_gmt":"2025-03-26T10:07:10","slug":"sobre-nosotros","status":"publish","type":"page","link":"https:\/\/albertonovoa-abogados.es\/index.php\/sobre-nosotros\/","title":{"rendered":"Sobre Nosotros"},"content":{"rendered":"<p><img loading=\"lazy\" decoding=\"async\" width=\"150\" height=\"150\" src=\"http:\/\/albertonovoa-abogados.es\/wp-content\/uploads\/2024\/01\/logo-150x150.png\" alt=\"logo_albertonovoa\" \/>\t\t\t\t\t\t\t\t\t\t\t\t\t\t\t<\/p>\n<nav data-bdt-navbar=\"{&quot;align&quot;:&quot;left&quot;,&quot;delay-hide&quot;:800,&quot;duration&quot;:200}\">\n<ul>\n<li style=\"\" data-id=\"33\"><a href=\"http:\/\/albertonovoa-abogados.es\">Inicio<\/a><\/li>\n<li style=\"\" data-id=\"34\"><a href=\"https:\/\/albertonovoa-abogados.es\/index.php\/sobre-nosotros\/\">Sobre Nosotros<\/a><\/li>\n<li style=\"\" data-id=\"35\"><a href=\"https:\/\/albertonovoa-abogados.es\/?page_id=30\">Noticias<\/a><\/li>\n<\/ul>\n<\/nav>\n<p>albertonovoa@albertonovoa-abogados.es<\/p>\n<p>+34 988462818<\/p>\n<p>\t\t\t\t\t\t\t\t\t\t\t\t\t\t\t<img loading=\"lazy\" decoding=\"async\" width=\"2560\" height=\"1440\" src=\"http:\/\/albertonovoa-abogados.es\/wp-content\/uploads\/2024\/01\/20200520_125746-scaled.jpg\" alt=\"\" srcset=\"https:\/\/albertonovoa-abogados.es\/wp-content\/uploads\/2024\/01\/20200520_125746-scaled.jpg 2560w, https:\/\/albertonovoa-abogados.es\/wp-content\/uploads\/2024\/01\/20200520_125746-300x169.jpg 300w, https:\/\/albertonovoa-abogados.es\/wp-content\/uploads\/2024\/01\/20200520_125746-1024x576.jpg 1024w, https:\/\/albertonovoa-abogados.es\/wp-content\/uploads\/2024\/01\/20200520_125746-768x432.jpg 768w, https:\/\/albertonovoa-abogados.es\/wp-content\/uploads\/2024\/01\/20200520_125746-1536x864.jpg 1536w, https:\/\/albertonovoa-abogados.es\/wp-content\/uploads\/2024\/01\/20200520_125746-2048x1152.jpg 2048w\" sizes=\"auto, (max-width: 2560px) 100vw, 2560px\" \/><br \/>\n\t\t\t\t\t\t\t\t\t\t\t\t\t\t\t<img loading=\"lazy\" decoding=\"async\" width=\"150\" height=\"150\" src=\"http:\/\/albertonovoa-abogados.es\/wp-content\/uploads\/2024\/01\/logo-150x150.png\" alt=\"logo_albertonovoa\" \/>\t\t\t\t\t\t\t\t\t\t\t\t\t\t\t<\/p>\n<h2>Alberto Novoa Abogados<\/h2>\n<h2>Sobre nuestro despacho<\/h2>\n<p>Bienvenidos a nuestro bufete, donde la experiencia se une a la \u00e9tica. Soy Alberto Novoa, abogado y he dedicado m\u00e1s de dos d\u00e9cadas al derecho. Nuestra formaci\u00f3n en la Universidad Complutense de Madrid es la base de nuestro compromiso con la integridad y el ejercicio \u00e9tico de la profesi\u00f3n.<\/p>\n<p>Con especialidades en derecho civil, fiscal y administrativo, mercantil, de familia, de circulaci\u00f3n y penal, ofrecemos soluciones legales s\u00f3lidas y actualizadas. Desde el inicio de nuestros estudios hasta hoy, nos renovamos constantemente para estar a la vanguardia de las novedades legales.<\/p>\n<p>Una constante en nuestro trabajo es el buen hacer y ello me ha llevado a presidir las asociaciones patronales del sector minero del \u00e1rido (arenas y minerales para desarrollos industriales) a nivel auton\u00f3mico, nacional e internacional. Es un reconocimiento que nos permite estar a la vanguardia de las reformas de la miner\u00eda.&nbsp;<\/p>\n<p>Conf\u00edan en nosotros porque no solo ofrecemos asesoramiento legal, sino un enfoque humano. Valoramos cada caso con la seriedad que merece y trabajamos con pasi\u00f3n para lograr resultados justos. En nuestro bufete, la experiencia no es solo un n\u00famero, es el fundamento de un servicio legal confiable y orientado a valores.<\/p>\n<p>\u00a1Estamos aqu\u00ed para ser su aliado en la b\u00fasqueda de soluciones legales integrales!<\/p>\n<p>_______________________________________________________________________________<\/p>\n<h5>Enlaces<\/h5>\n<p>______________________________________________<\/p>\n<p><a href=\"http:\/\/albertonovoa-abogados.es\/\">Inicio<\/a><\/p>\n<p><a href=\"http:\/\/albertonovoa-abogados.es\/index.php\/sobre-nosotros\/\">Sobre Nosotros<\/a><\/p>\n<p><a href=\"http:\/\/albertonovoa-abogados.es\/index.php\/noticias\/\">Noticias<\/a><\/p>\n<p><a href=\"http:\/\/albertonovoa-abogados.es\/politicadeprivacidad\/\">Pol\u00edtica de Privacidad<\/a><\/p>\n<p>_______________________________________________________________________________<\/p>\n<h5>Contacto<\/h5>\n<p>______________________________________________<\/p>\n<p>R\u00faa Dous de Maio 18 4B<br \/>Xinzo de Limia<\/p>\n<p>Tel\u00e9fonos: <br \/>+34 988 46 28 18<br \/>+34 988 46 28 37<\/p>\n<p>Email: <br \/>albertonovoa@albertonovoa-abogados.es<br \/>albertonovoa.abogado@profesionais.eu<\/p>\n","protected":false},"excerpt":{"rendered":"<p>Inicio Sobre Nosotros Noticias albertonovoa@albertonovoa-abogados.es +34 988462818 Alberto Novoa Abogados Sobre nuestro despacho Bienvenidos a nuestro bufete, donde la experiencia se une a la \u00e9tica. Soy Alberto Novoa, abogado y he dedicado m\u00e1s de dos d\u00e9cadas al derecho. Nuestra formaci\u00f3n en la Universidad Complutense de Madrid es la base de nuestro compromiso con la integridad [&hellip;]<\/p>\n","protected":false},"author":1,"featured_media":0,"parent":0,"menu_order":0,"comment_status":"closed","ping_status":"closed","template":"","meta":{"_acf_changed":false,"footnotes":""},"class_list":["post-29","page","type-page","status-publish","hentry"],"acf":[],"_links":{"self":[{"href":"https:\/\/albertonovoa-abogados.es\/index.php\/wp-json\/wp\/v2\/pages\/29","targetHints":{"allow":["GET"]}}],"collection":[{"href":"https:\/\/albertonovoa-abogados.es\/index.php\/wp-json\/wp\/v2\/pages"}],"about":[{"href":"https:\/\/albertonovoa-abogados.es\/index.php\/wp-json\/wp\/v2\/types\/page"}],"author":[{"embeddable":true,"href":"https:\/\/albertonovoa-abogados.es\/index.php\/wp-json\/wp\/v2\/users\/1"}],"replies":[{"embeddable":true,"href":"https:\/\/albertonovoa-abogados.es\/index.php\/wp-json\/wp\/v2\/comments?post=29"}],"version-history":[{"count":67,"href":"https:\/\/albertonovoa-abogados.es\/index.php\/wp-json\/wp\/v2\/pages\/29\/revisions"}],"predecessor-version":[{"id":1279,"href":"https:\/\/albertonovoa-abogados.es\/index.php\/wp-json\/wp\/v2\/pages\/29\/revisions\/1279"}],"wp:attachment":[{"href":"https:\/\/albertonovoa-abogados.es\/index.php\/wp-json\/wp\/v2\/media?parent=29"}],"curies":[{"name":"wp","href":"https:\/\/api.w.org\/{rel}","templated":true}]}}